{"id":597,"date":"2017-11-04T09:02:06","date_gmt":"2017-11-04T08:02:06","guid":{"rendered":"http:\/\/kimberly-nelting.eu\/?page_id=597"},"modified":"2018-04-20T09:42:41","modified_gmt":"2018-04-20T07:42:41","slug":"impressum","status":"publish","type":"page","link":"https:\/\/kimberly-nelting.eu\/kn18\/impressum\/","title":{"rendered":"Imprint"},"content":{"rendered":"<div id='av_section_1'  class='avia-section av-av_section-bb9bdb22c7f9e6bf1d52c155825dc7f7 main_color avia-section-default avia-no-shadow  avia-builder-el-0  avia-builder-el-no-sibling  avia-bg-style-scroll container_wrap sidebar_left'  ><div class='container av-section-cont-open' ><main  role=\"main\" itemprop=\"mainContentOfPage\"  class='template-page content  av-content-small units'><div class='post-entry post-entry-type-page post-entry-597'><div class='entry-content-wrapper clearfix'>\n\n<style type=\"text\/css\" data-created_by=\"avia_inline_auto\" id=\"style-css-av-av_one_fifth-6126cab7d8fab8d08143dd2dacdf673c\">\n.flex_column.av-av_one_fifth-6126cab7d8fab8d08143dd2dacdf673c{\n-webkit-border-radius:0px 0px 0px 0px;\n-moz-border-radius:0px 0px 0px 0px;\nborder-radius:0px 0px 0px 0px;\npadding:0px 0px 0px 0px;\n}\n<\/style>\n<div class='flex_column av-av_one_fifth-6126cab7d8fab8d08143dd2dacdf673c av_one_fifth  avia-builder-el-1  el_before_av_three_fifth  avia-builder-el-first  first flex_column_div av-zero-column-padding '     ><\/div>\n<style type=\"text\/css\" data-created_by=\"avia_inline_auto\" id=\"style-css-av-av_three_fifth-0aa7055fe62c3622faec82866afbaeb2\">\n.flex_column.av-av_three_fifth-0aa7055fe62c3622faec82866afbaeb2{\n-webkit-border-radius:0px 0px 0px 0px;\n-moz-border-radius:0px 0px 0px 0px;\nborder-radius:0px 0px 0px 0px;\npadding:0px 0px 0px 0px;\n}\n<\/style>\n<div class='flex_column av-av_three_fifth-0aa7055fe62c3622faec82866afbaeb2 av_three_fifth  avia-builder-el-2  el_after_av_one_fifth  el_before_av_one_fifth  flex_column_div av-zero-column-padding '     ><section  class='av_textblock_section av-av_textblock-2de302bf1aa3cf4c9157dbe6f50ac7eb'  itemscope=\"itemscope\" itemtype=\"https:\/\/schema.org\/CreativeWork\" ><div class='avia_textblock'  itemprop=\"text\" ><p>Kimberly Nelting<br \/>\nNiederanven\/Luxembourg<br \/>\nTel.: +352 621 138 388<br \/>\nf\u00fcr die Seite verantwortlich: Ulrich Nelting<br \/>\nKontakt: <a href=\"mailto:kimberly@nelting.eu\">kimberly@nelting.eu<\/a><\/p>\n<hr \/>\n<p><strong>Verbraucherinformation:<br \/>\n<\/strong>Online-Streitbeilegung gem\u00e4\u00df Art. 14 Abs. 1 ODR-VO: Die Europ\u00e4ische Kommission stellt eine Plattform zur Online-Streitbeilegung (OS) bereit, die Sie hier aufrufen k\u00f6nnen: <a href=\"http:\/\/ec.europa.eu\/consumers\/odr\" target=\"_blank\" rel=\"noopener\">http:\/\/ec.europa.eu\/consumers\/odr<\/a><\/p>\n<hr \/>\n<p>Unsere Unterst\u00fctzer:<\/p>\n<hr \/>\n<p><a href=\"http:\/\/karateclub-niederanven.eu\/?page_id=119\" target=\"_blank\" rel=\"noopener\"><img loading=\"lazy\" class=\"alignnone wp-image-1064\" src=\"https:\/\/kimberly-nelting.eu\/kn18\/wp-content\/uploads\/2018\/01\/KCN-300x92.jpg\" alt=\"\" width=\"213\" height=\"55\" \/><\/a><\/p>\n<hr \/>\n<p><a href=\"http:\/\/www.flam.lu\/\" target=\"_blank\" rel=\"noopener\"><img loading=\"lazy\" class=\"alignnone wp-image-1070\" src=\"https:\/\/kimberly-nelting.eu\/kn18\/wp-content\/uploads\/2018\/01\/flam.png\" alt=\"\" width=\"179\" height=\"50\" \/><\/a><\/p>\n<hr \/>\n<p><img loading=\"lazy\" class=\"alignnone size-full wp-image-1208\" src=\"https:\/\/kimberly-nelting.eu\/kn18\/wp-content\/uploads\/2018\/03\/team_L.jpg\" alt=\"\" width=\"195\" height=\"100\" \/><\/p>\n<hr \/>\n<p><a href=\"http:\/\/www.sportdata.org\/\" target=\"_blank\" rel=\"noopener\"><img loading=\"lazy\" class=\"alignnone wp-image-1071\" src=\"https:\/\/kimberly-nelting.eu\/kn18\/wp-content\/uploads\/2018\/01\/sportdata-300x65.jpg\" alt=\"\" width=\"225\" height=\"37\" \/><\/a><\/p>\n<hr \/>\n<p><img loading=\"lazy\" class=\"alignnone wp-image-1190\" src=\"https:\/\/kimberly-nelting.eu\/kn18\/wp-content\/uploads\/2018\/03\/worldtv-300x43.jpg\" alt=\"\" width=\"223\" height=\"32\" \/><\/p>\n<hr \/>\n<p><a href=\"http:\/\/www.kphotos.net\/\" target=\"_blank\" rel=\"noopener\"><img loading=\"lazy\" class=\"wp-image-880 alignnone\" src=\"https:\/\/kimberly-nelting.eu\/kn18\/wp-content\/uploads\/2017\/11\/kphoto.jpg\" alt=\"\" width=\"37\" height=\"47\" \/>\u00a0 kphotos.net. <\/a><\/p>\n<hr \/>\n<p><a href=\"https:\/\/l.facebook.com\/l.php?u=http%3A%2F%2Fwww.valwagner.lu%2F&amp;h=ATPDP0q6bp-B-sHBRftQXGptRszEU1xM8lqAoXoRxo8tB69tzE0NnvLeH1qs9dNAAitAQ8PWRwEsmsFRNwKCqVjtgse85UViZ0hkHRkwSI1XyiT5HYMHYZlPFm6T0kcsqyzoGCVg3xsuRRDz2yY\" target=\"_blank\" rel=\"noopener\"><img loading=\"lazy\" class=\"wp-image-939 alignleft\" src=\"https:\/\/kimberly-nelting.eu\/kn18\/wp-content\/uploads\/2017\/12\/val.jpg\" alt=\"\" width=\"171\" height=\"20\" srcset=\"https:\/\/kimberly-nelting.eu\/kn18\/wp-content\/uploads\/2017\/12\/val.jpg 746w, https:\/\/kimberly-nelting.eu\/kn18\/wp-content\/uploads\/2017\/12\/val-300x35.jpg 300w, https:\/\/kimberly-nelting.eu\/kn18\/wp-content\/uploads\/2017\/12\/val-710x87.jpg 710w, https:\/\/kimberly-nelting.eu\/kn18\/wp-content\/uploads\/2017\/12\/val-705x82.jpg 705w, https:\/\/kimberly-nelting.eu\/kn18\/wp-content\/uploads\/2017\/12\/val-450x52.jpg 450w\" sizes=\"(max-width: 171px) 100vw, 171px\" \/>\u00a0<\/a><a class=\"\" href=\"https:\/\/l.facebook.com\/l.php?u=http%3A%2F%2Fwww.valwagner.lu%2F&amp;h=ATPDP0q6bp-B-sHBRftQXGptRszEU1xM8lqAoXoRxo8tB69tzE0NnvLeH1qs9dNAAitAQ8PWRwEsmsFRNwKCqVjtgse85UViZ0hkHRkwSI1XyiT5HYMHYZlPFm6T0kcsqyzoGCVg3xsuRRDz2yY\" target=\"_blank\" rel=\"noopener\">www.valwagner.lu<\/a><\/p>\n<hr \/>\n<p><a href=\"http:\/\/500px.com\/ekimlux\" target=\"_blank\" rel=\"noopener\"><img loading=\"lazy\" class=\"alignnone wp-image-1017\" src=\"https:\/\/kimberly-nelting.eu\/kn18\/wp-content\/uploads\/2018\/01\/Bildschirmfoto-2018-01-01-um-11.33.24.jpg\" alt=\"\" width=\"68\" height=\"30\" \/> \u00a0\u00a0 www.500px.com<\/a><\/p>\n<hr \/>\n<p>Seitenerstellung: <a href=\"https:\/\/WIL-kom.de\" target=\"_blank\" rel=\"noopener\">WIL-kom.de<\/a><\/p>\n<\/div><\/section><\/div>\n<style type=\"text\/css\" data-created_by=\"avia_inline_auto\" id=\"style-css-av-av_one_fifth-0aa7055fe62c3622faec82866afbaeb2\">\n.flex_column.av-av_one_fifth-0aa7055fe62c3622faec82866afbaeb2{\n-webkit-border-radius:0px 0px 0px 0px;\n-moz-border-radius:0px 0px 0px 0px;\nborder-radius:0px 0px 0px 0px;\npadding:0px 0px 0px 0px;\n}\n<\/style>\n<div class='flex_column av-av_one_fifth-0aa7055fe62c3622faec82866afbaeb2 av_one_fifth  avia-builder-el-4  el_after_av_three_fifth  avia-builder-el-last  flex_column_div av-zero-column-padding '     ><\/div><\/div><\/div><\/main><!-- close content main element --><\/div><\/div><div id='after_section_1'  class='main_color av_default_container_wrap container_wrap sidebar_left'  ><div class='container av-section-cont-open' ><div class='template-page content  av-content-small units'><div class='post-entry post-entry-type-page post-entry-597'><div class='entry-content-wrapper clearfix'>\n","protected":false},"excerpt":{"rendered":"","protected":false},"author":1,"featured_media":0,"parent":0,"menu_order":0,"comment_status":"closed","ping_status":"closed","template":"","meta":[],"_links":{"self":[{"href":"https:\/\/kimberly-nelting.eu\/kn18\/wp-json\/wp\/v2\/pages\/597"}],"collection":[{"href":"https:\/\/kimberly-nelting.eu\/kn18\/wp-json\/wp\/v2\/pages"}],"about":[{"href":"https:\/\/kimberly-nelting.eu\/kn18\/wp-json\/wp\/v2\/types\/page"}],"author":[{"embeddable":true,"href":"https:\/\/kimberly-nelting.eu\/kn18\/wp-json\/wp\/v2\/users\/1"}],"replies":[{"embeddable":true,"href":"https:\/\/kimberly-nelting.eu\/kn18\/wp-json\/wp\/v2\/comments?post=597"}],"version-history":[{"count":17,"href":"https:\/\/kimberly-nelting.eu\/kn18\/wp-json\/wp\/v2\/pages\/597\/revisions"}],"predecessor-version":[{"id":1069,"href":"https:\/\/kimberly-nelting.eu\/kn18\/wp-json\/wp\/v2\/pages\/597\/revisions\/1069"}],"wp:attachment":[{"href":"https:\/\/kimberly-nelting.eu\/kn18\/wp-json\/wp\/v2\/media?parent=597"}],"curies":[{"name":"wp","href":"https:\/\/api.w.org\/{rel}","templated":true}]}}