{"id":154,"date":"2015-07-16T09:12:44","date_gmt":"2015-07-16T09:12:44","guid":{"rendered":"http:\/\/test.kriesi.at\/minimal-portfolio\/?page_id=154"},"modified":"2025-11-03T13:07:49","modified_gmt":"2025-11-03T12:07:49","slug":"about-2","status":"publish","type":"page","link":"https:\/\/kimberly-nelting.eu\/kn18\/about-2\/","title":{"rendered":"Profil"},"content":{"rendered":"<div id='av-layout-grid-1'  class='av-layout-grid-container av-2whn3m-d15ffa1558fd1fd2957b87d6174d4bae entry-content-wrapper main_color av-flex-cells  avia-builder-el-0  el_before_av_section  avia-builder-el-first   container_wrap sidebar_left'  >\n\n<style type=\"text\/css\" data-created_by=\"avia_inline_auto\" id=\"style-css-av-2qvqky-6788f149dd3eb9227a70c03d3e9db632\">\n.flex_cell.av-2qvqky-6788f149dd3eb9227a70c03d3e9db632{\nvertical-align:middle;\nheight:400px;\nmin-height:400px;\nbackground-color:#e8e8e8;\n}\n.responsive #top #wrap_all .flex_cell.av-2qvqky-6788f149dd3eb9227a70c03d3e9db632{\npadding:20px 35px 20px 20px !important;\n}\n<\/style>\n<div class='flex_cell av-2qvqky-6788f149dd3eb9227a70c03d3e9db632 av-gridrow-cell av_one_half no_margin  avia-builder-el-1  el_before_av_cell_one_half  avia-builder-el-first  avia-full-stretch' ><div class='flex_cell_inner'>\n<style type=\"text\/css\" data-created_by=\"avia_inline_auto\" id=\"style-css-av-2llu5u-db4bcce9f136774a452aeb4b62f0219c\">\n.flex_column.av-2llu5u-db4bcce9f136774a452aeb4b62f0219c{\n-webkit-border-radius:0px 0px 0px 0px;\n-moz-border-radius:0px 0px 0px 0px;\nborder-radius:0px 0px 0px 0px;\npadding:0px 0px 0px 0px;\n}\n<\/style>\n<div class='flex_column av-2llu5u-db4bcce9f136774a452aeb4b62f0219c av_one_full  avia-builder-el-2  avia-builder-el-no-sibling  first flex_column_div av-animated-generic bottom-to-top av-zero-column-padding '     ><p>\n<style type=\"text\/css\" data-created_by=\"avia_inline_auto\" id=\"style-css-av-2f6t16-624ef8ada7f5f77d0fd656f99788ccaa\">\n#top .av-special-heading.av-2f6t16-624ef8ada7f5f77d0fd656f99788ccaa{\npadding-bottom:36px;\ncolor:#87261b;\n}\nbody .av-special-heading.av-2f6t16-624ef8ada7f5f77d0fd656f99788ccaa .av-special-heading-tag .heading-char{\nfont-size:25px;\n}\n.av-special-heading.av-2f6t16-624ef8ada7f5f77d0fd656f99788ccaa .special-heading-inner-border{\nborder-color:#87261b;\n}\n.av-special-heading.av-2f6t16-624ef8ada7f5f77d0fd656f99788ccaa .av-subheading{\nfont-size:15px;\n}\n<\/style>\n<div  class='av-special-heading av-2f6t16-624ef8ada7f5f77d0fd656f99788ccaa av-special-heading-h3 custom-color-heading blockquote modern-quote  avia-builder-el-3  el_before_av_textblock  avia-builder-el-first '><h3 class='av-special-heading-tag'  itemprop=\"headline\"  >\u00dcber mich<\/h3><div class=\"special-heading-border\"><div class=\"special-heading-inner-border\"><\/div><\/div><\/div><br \/>\n<section  class='av_textblock_section av-29dt42-7fab5b107d50fb4e1d6feefb02dbb9eb'  itemscope=\"itemscope\" itemtype=\"https:\/\/schema.org\/CreativeWork\" ><div class='avia_textblock'  itemprop=\"text\" ><div class=\"wc-shortcodes-row wc-shortcodes-item wc-shortcodes-clearfix\">\n<div class=\"wc-shortcodes-column wc-shortcodes-content wc-shortcodes-one-fourth wc-shortcodes-column-first \">\n<p>Name:<\/p>\n<\/div>\n<div class=\"wc-shortcodes-column wc-shortcodes-content wc-shortcodes-three-fourth wc-shortcodes-column-last \">\n<p>Kimberly NELTING<\/p>\n<\/div>\n<\/div>\n<hr \/>\n<div class=\"wc-shortcodes-row wc-shortcodes-item wc-shortcodes-clearfix\">\n<div class=\"wc-shortcodes-column wc-shortcodes-content wc-shortcodes-one-fourth wc-shortcodes-column-first \">\n<p>Geburtstag:<\/p>\n<\/div>\n<div class=\"wc-shortcodes-column wc-shortcodes-content wc-shortcodes-three-fourth wc-shortcodes-column-last \">\n<p>06.10.2000<\/p>\n<\/div>\n<\/div>\n<hr \/>\n<div class=\"wc-shortcodes-row wc-shortcodes-item wc-shortcodes-clearfix\">\n<div class=\"wc-shortcodes-column wc-shortcodes-content wc-shortcodes-one-fourth wc-shortcodes-column-first \">\n<p>Geburtsort:<\/p>\n<\/div>\n<div class=\"wc-shortcodes-column wc-shortcodes-content wc-shortcodes-three-fourth wc-shortcodes-column-last \">\n<p>Luxemburg<\/p>\n<\/div>\n<\/div>\n<hr \/>\n<div class=\"wc-shortcodes-row wc-shortcodes-item wc-shortcodes-clearfix\">\n<div class=\"wc-shortcodes-column wc-shortcodes-content wc-shortcodes-one-fourth wc-shortcodes-column-first \">\n<p>Gr\u00f6\u00dfe:<\/p>\n<\/div>\n<div class=\"wc-shortcodes-column wc-shortcodes-content wc-shortcodes-three-fourth wc-shortcodes-column-last \">\n<p>1,67 m<\/p>\n<\/div>\n<\/div>\n<hr \/>\n<div class=\"wc-shortcodes-row wc-shortcodes-item wc-shortcodes-clearfix\">\n<div class=\"wc-shortcodes-column wc-shortcodes-content wc-shortcodes-one-fourth wc-shortcodes-column-first \">\n<p>Familienstand:<\/p>\n<\/div>\n<div class=\"wc-shortcodes-column wc-shortcodes-content wc-shortcodes-three-fourth wc-shortcodes-column-last \">\n<p>ledig<\/p>\n<\/div>\n<\/div>\n<hr \/>\n<div class=\"wc-shortcodes-row wc-shortcodes-item wc-shortcodes-clearfix\">\n<div class=\"wc-shortcodes-column wc-shortcodes-content wc-shortcodes-one-fourth wc-shortcodes-column-first \">\n<p>Beruf:<\/p>\n<\/div>\n<div class=\"wc-shortcodes-column wc-shortcodes-content wc-shortcodes-three-fourth wc-shortcodes-column-last \">\n<p>Sch\u00fclerin<\/p>\n<\/div>\n<\/div>\n<hr \/>\n<div class=\"\"><\/div>\n<div class=\"\">\n<div class=\"wc-shortcodes-row wc-shortcodes-item wc-shortcodes-clearfix\">\n<div class=\"wc-shortcodes-column wc-shortcodes-content wc-shortcodes-one-fourth wc-shortcodes-column-first \">\n<p>Motto:<\/p>\n<\/div>\n<div class=\"wc-shortcodes-column wc-shortcodes-content wc-shortcodes-three-fourth wc-shortcodes-column-last \">\n<p>\u201eDu gewinnst mit dem Kopf\u201c<\/p>\n<\/div>\n<\/div>\n<\/div>\n<div><\/div>\n<div><\/div>\n<div><\/div>\n<\/div><\/section><\/p><\/div>\n<\/div><\/div>\n<style type=\"text\/css\" data-created_by=\"avia_inline_auto\" id=\"style-css-av-25ct7e-a4ab02c6eba34aa87e17addd8391a27a\">\n.flex_cell.av-25ct7e-a4ab02c6eba34aa87e17addd8391a27a{\nvertical-align:top;\nheight:400px;\nmin-height:400px;\nbackground:url(https:\/\/kimberly-nelting.eu\/kn18\/wp-content\/uploads\/2018\/02\/profil-1.jpg) 50% 0% no-repeat scroll ;\n}\n.responsive #top #wrap_all .flex_cell.av-25ct7e-a4ab02c6eba34aa87e17addd8391a27a{\npadding:30px 30px 30px 30px !important;\n}\n<\/style>\n<div class='flex_cell av-25ct7e-a4ab02c6eba34aa87e17addd8391a27a av-gridrow-cell av_one_half no_margin  avia-builder-el-5  el_after_av_cell_one_half  avia-builder-el-last  avia-full-stretch' ><div class='flex_cell_inner'><\/div><\/div>\n<\/div>\n\n<style type=\"text\/css\" data-created_by=\"avia_inline_auto\" id=\"style-css-av-6q9ki-072ef1b9f63a38a3900c8dedbee7528b\">\n.avia-section.av-6q9ki-072ef1b9f63a38a3900c8dedbee7528b{\nbackground-color:#f4f3e1;\nbackground-image:unset;\n}\n<\/style>\n<div id='av_section_1'  class='avia-section av-6q9ki-072ef1b9f63a38a3900c8dedbee7528b main_color avia-section-large avia-no-border-styling  avia-builder-el-6  el_after_av_layout_row  avia-builder-el-last  avia-bg-style-scroll container_wrap sidebar_left'  ><div class='container av-section-cont-open' ><div class='template-page content  av-content-small units'><div class='post-entry post-entry-type-page post-entry-154'><div class='entry-content-wrapper clearfix'>\n\n<style type=\"text\/css\" data-created_by=\"avia_inline_auto\" id=\"style-css-av-1q2vd6-9897615307ceb818530711d66f331aad\">\n.flex_column.av-1q2vd6-9897615307ceb818530711d66f331aad{\n-webkit-border-radius:0px 0px 0px 0px;\n-moz-border-radius:0px 0px 0px 0px;\nborder-radius:0px 0px 0px 0px;\npadding:0px 0px 0px 0px;\n}\n<\/style>\n<div class='flex_column av-1q2vd6-9897615307ceb818530711d66f331aad av_one_half  avia-builder-el-7  el_before_av_one_half  avia-builder-el-first  first flex_column_div av-animated-generic bottom-to-top av-zero-column-padding '     ><p>\n<style type=\"text\/css\" data-created_by=\"avia_inline_auto\" id=\"style-css-av-1nipgq-40f8fe71c573a56df9e4f129275a2794\">\n#top .av-special-heading.av-1nipgq-40f8fe71c573a56df9e4f129275a2794{\npadding-bottom:10px;\ncolor:#87261b;\n}\nbody .av-special-heading.av-1nipgq-40f8fe71c573a56df9e4f129275a2794 .av-special-heading-tag .heading-char{\nfont-size:25px;\n}\n.av-special-heading.av-1nipgq-40f8fe71c573a56df9e4f129275a2794 .special-heading-inner-border{\nborder-color:#87261b;\n}\n.av-special-heading.av-1nipgq-40f8fe71c573a56df9e4f129275a2794 .av-subheading{\nfont-size:15px;\n}\n<\/style>\n<div  class='av-special-heading av-1nipgq-40f8fe71c573a56df9e4f129275a2794 av-special-heading-h3 custom-color-heading blockquote modern-quote  avia-builder-el-8  el_before_av_textblock  avia-builder-el-first '><h3 class='av-special-heading-tag'  itemprop=\"headline\"  >Wie kam ich zum Karate<\/h3><div class=\"special-heading-border\"><div class=\"special-heading-inner-border\"><\/div><\/div><\/div><br \/>\n<section  class='av_textblock_section av-57dhm-119612d3a4f896cddd3de3dae415ecad'  itemscope=\"itemscope\" itemtype=\"https:\/\/schema.org\/CreativeWork\" ><div class='avia_textblock'  itemprop=\"text\" ><div class=\"\">Als ich 6 Jahre alt war, stellte mein Vater mir und meinem \u00e4lteren Bruder Cassidy die Aufgabe, den schwarzen G\u00fcrtel in Karate zu erwerben, damit wir uns sp\u00e4ter selbst verteidigen k\u00f6nnen.<\/div>\n<\/div><\/section><br \/>\n\n<style type=\"text\/css\" data-created_by=\"avia_inline_auto\" id=\"style-css-av-1a81ze-8fd6254978ba5b3105b4322f4f8b24d4\">\n#top .av-special-heading.av-1a81ze-8fd6254978ba5b3105b4322f4f8b24d4{\npadding-bottom:10px;\ncolor:#87261b;\n}\nbody .av-special-heading.av-1a81ze-8fd6254978ba5b3105b4322f4f8b24d4 .av-special-heading-tag .heading-char{\nfont-size:25px;\n}\n.av-special-heading.av-1a81ze-8fd6254978ba5b3105b4322f4f8b24d4 .special-heading-inner-border{\nborder-color:#87261b;\n}\n.av-special-heading.av-1a81ze-8fd6254978ba5b3105b4322f4f8b24d4 .av-subheading{\nfont-size:15px;\n}\n<\/style>\n<div  class='av-special-heading av-1a81ze-8fd6254978ba5b3105b4322f4f8b24d4 av-special-heading-h3 custom-color-heading blockquote modern-quote  avia-builder-el-10  el_after_av_textblock  el_before_av_textblock '><h3 class='av-special-heading-tag'  itemprop=\"headline\"  >Schwarzer G\u00fcrtel<\/h3><div class=\"special-heading-border\"><div class=\"special-heading-inner-border\"><\/div><\/div><\/div><br \/>\n<section  class='av_textblock_section av-12vmoy-ff4e13d2e814b9540c6f9bb6f5c054ac'  itemscope=\"itemscope\" itemtype=\"https:\/\/schema.org\/CreativeWork\" ><div class='avia_textblock'  itemprop=\"text\" ><div class=\"\">1. DAN:\u00a0\u00a0\u00a0\u00a0 erhalten mit 13 Jahren f\u00fcr die drei Titel (Kata Einzel\/Team &amp; Kumite Team) \u201eEuropameisterin der kleinen Staaten 2014\u201c<br \/>\n2. DAN:\u00a0\u00a0\u00a0 erhalten mit 17 Jahren f\u00fcr den Titel \u201eJunioren-Weltmeisterin Kumite -59 kg 2017&#8243;<br \/>\n3. DAN:\u00a0 \u00a0 erhalten mit 20 Jahren nach Bestehen der DAN-Pr\u00fcfung<\/div>\n<\/div><\/section><br \/>\n<div  class='hr av-33r9m-dcc8af91771ee98fdb9cbd30fd09f231 hr-default  avia-builder-el-12  el_after_av_textblock  el_before_av_textblock '><span class='hr-inner '><span class=\"hr-inner-style\"><\/span><\/span><\/div><br \/>\n<section  class='av_textblock_section av-r5zoi-20a3831674f2e49943ae196a7cd19e45'  itemscope=\"itemscope\" itemtype=\"https:\/\/schema.org\/CreativeWork\" ><div class='avia_textblock'  itemprop=\"text\" ><p>Heimatclub:\u00a0\u00a0 <a href=\"https:\/\/karateclub-niederanven.eu\/?page_id=119\" target=\"_blank\" rel=\"noopener\">Karate Club Niederanven<\/a><\/p>\n<p>National-Kader:\u00a0\u00a0 <a href=\"https:\/\/www.flam.lu\/home\" target=\"_blank\" rel=\"noopener\">F\u00e9d\u00e9ration Luxembourgeoise des Arts et Martiaux<\/a><\/p>\n<div>COSL-Kader: \u00a0<a href=\"http:\/\/teamletzebuerg.lu\/athlete\/nelting-kimberly\/\" target=\"_blank\" rel=\"noopener\">Comit\u00e9 Olympique et Sportif Luxembourgeois<\/a><\/div>\n<\/div><\/section><\/p><\/div>\n<style type=\"text\/css\" data-created_by=\"avia_inline_auto\" id=\"style-css-av-lyj82-49e0acaad1c5ce0b93560735eb3d23df\">\n.flex_column.av-lyj82-49e0acaad1c5ce0b93560735eb3d23df{\n-webkit-border-radius:0px 0px 0px 0px;\n-moz-border-radius:0px 0px 0px 0px;\nborder-radius:0px 0px 0px 0px;\npadding:0px 0px 0px 0px;\n}\n<\/style>\n<div class='flex_column av-lyj82-49e0acaad1c5ce0b93560735eb3d23df av_one_half  avia-builder-el-14  el_after_av_one_half  avia-builder-el-last  flex_column_div av-animated-generic bottom-to-top av-zero-column-padding '     ><p>\n<style type=\"text\/css\" data-created_by=\"avia_inline_auto\" id=\"style-css-av-hm4tm-1026872618abf8bd82c704fbc3d1984a\">\n#top .av-special-heading.av-hm4tm-1026872618abf8bd82c704fbc3d1984a{\npadding-bottom:10px;\ncolor:#87261b;\n}\nbody .av-special-heading.av-hm4tm-1026872618abf8bd82c704fbc3d1984a .av-special-heading-tag .heading-char{\nfont-size:25px;\n}\n.av-special-heading.av-hm4tm-1026872618abf8bd82c704fbc3d1984a .special-heading-inner-border{\nborder-color:#87261b;\n}\n.av-special-heading.av-hm4tm-1026872618abf8bd82c704fbc3d1984a .av-subheading{\nfont-size:15px;\n}\n<\/style>\n<div  class='av-special-heading av-hm4tm-1026872618abf8bd82c704fbc3d1984a av-special-heading-h3 custom-color-heading blockquote modern-quote  avia-builder-el-15  el_before_av_textblock  avia-builder-el-first '><h3 class='av-special-heading-tag'  itemprop=\"headline\"  >Meilensteine<\/h3><div class=\"special-heading-border\"><div class=\"special-heading-inner-border\"><\/div><\/div><\/div><br \/>\n<section  class='av_textblock_section av-903k2-89d9ff64eae98e760687aa01993f2066'  itemscope=\"itemscope\" itemtype=\"https:\/\/schema.org\/CreativeWork\" ><div class='avia_textblock'  itemprop=\"text\" ><p>2006:\u00a0\u00a0 Beginn meiner Karate-Ausbildung<br \/>\n2009:\u00a0\u00a0 Aufnahme in den National-Kader<br \/>\n2014:\u00a0\u00a0 Aufnahme in den Elite-Kader<br \/>\n2017:\u00a0\u00a0 Junioren-Weltmeisterin Kumite -59 kg<br \/>\n2017:\u00a0\u00a0 Nachwuchssportlerin des Jahres (Jeune Espoir F\u00e9minin)<br \/>\n2018:\u00a0\u00a0 Aufnahme in den COSL-Kader<br \/>\n2018:\u00a0\u00a0 Botschafterin des Landes (National Branding)<br \/>\n2019:\u00a0\u00a0 Ehrenmedaille in Bronze durch Gro\u00dfherzog Henri<br \/>\n2021:\u00a0\u00a0 U21-Europameisterin Kumite &#8211; 61 kg<\/p>\n<\/div><\/section><\/p><\/div><\/div><\/div><\/div><!-- close content main div --><\/div><\/div><div id='after_section_1'  class='main_color av_default_container_wrap container_wrap sidebar_left'  ><div class='container av-section-cont-open' ><div class='template-page content  av-content-small units'><div class='post-entry post-entry-type-page post-entry-154'><div class='entry-content-wrapper clearfix'>\n","protected":false},"excerpt":{"rendered":"","protected":false},"author":1,"featured_media":0,"parent":0,"menu_order":0,"comment_status":"open","ping_status":"open","template":"","meta":[],"_links":{"self":[{"href":"https:\/\/kimberly-nelting.eu\/kn18\/wp-json\/wp\/v2\/pages\/154"}],"collection":[{"href":"https:\/\/kimberly-nelting.eu\/kn18\/wp-json\/wp\/v2\/pages"}],"about":[{"href":"https:\/\/kimberly-nelting.eu\/kn18\/wp-json\/wp\/v2\/types\/page"}],"author":[{"embeddable":true,"href":"https:\/\/kimberly-nelting.eu\/kn18\/wp-json\/wp\/v2\/users\/1"}],"replies":[{"embeddable":true,"href":"https:\/\/kimberly-nelting.eu\/kn18\/wp-json\/wp\/v2\/comments?post=154"}],"version-history":[{"count":82,"href":"https:\/\/kimberly-nelting.eu\/kn18\/wp-json\/wp\/v2\/pages\/154\/revisions"}],"predecessor-version":[{"id":1634,"href":"https:\/\/kimberly-nelting.eu\/kn18\/wp-json\/wp\/v2\/pages\/154\/revisions\/1634"}],"wp:attachment":[{"href":"https:\/\/kimberly-nelting.eu\/kn18\/wp-json\/wp\/v2\/media?parent=154"}],"curies":[{"name":"wp","href":"https:\/\/api.w.org\/{rel}","templated":true}]}}